{"id":18039,"date":"2024-02-23T18:54:22","date_gmt":"2024-02-23T21:54:22","guid":{"rendered":"https:\/\/hospitalsancamilo.cl\/?page_id=18039"},"modified":"2026-01-08T19:13:51","modified_gmt":"2026-01-08T19:13:51","slug":"base-de-datos-para-reemplazos","status":"publish","type":"page","link":"https:\/\/hospitalsancamilo.cl\/sitioweb\/base-de-datos-para-reemplazos\/","title":{"rendered":"BASE DE DATOS PARA REEMPLAZOS"},"content":{"rendered":"\t\t<div data-elementor-type=\"wp-page\" data-elementor-id=\"18039\" class=\"elementor elementor-18039\" data-elementor-post-type=\"page\">\n\t\t\t\t\t\t<section class=\"elementor-section elementor-top-section elementor-element elementor-element-bd3c598 elementor-section-boxed elementor-section-height-default elementor-section-height-default wpr-particle-no wpr-jarallax-no wpr-parallax-no wpr-sticky-section-no\" data-id=\"bd3c598\" data-element_type=\"section\" data-e-type=\"section\">\n\t\t\t\t\t\t<div class=\"elementor-container elementor-column-gap-default\">\n\t\t\t\t\t<div class=\"elementor-column elementor-col-100 elementor-top-column elementor-element elementor-element-42f284d\" data-id=\"42f284d\" data-element_type=\"column\" data-e-type=\"column\">\n\t\t\t<div class=\"elementor-widget-wrap elementor-element-populated\">\n\t\t\t\t\t\t<div class=\"elementor-element elementor-element-d1e984c elementor-widget elementor-widget-heading\" data-id=\"d1e984c\" data-element_type=\"widget\" data-e-type=\"widget\" data-widget_type=\"heading.default\">\n\t\t\t\t<div class=\"elementor-widget-container\">\n\t\t\t\t\t<h1 class=\"elementor-heading-title elementor-size-default\">BASE DE DATOS PARA REEMPLAZOS\n<\/h1>\t\t\t\t<\/div>\n\t\t\t\t<\/div>\n\t\t\t\t<div class=\"elementor-element elementor-element-2acde78 elementor-align-center elementor-widget__width-inherit elementor-widget elementor-widget-button\" data-id=\"2acde78\" data-element_type=\"widget\" data-e-type=\"widget\" data-widget_type=\"button.default\">\n\t\t\t\t<div class=\"elementor-widget-container\">\n\t\t\t\t\t\t\t\t\t<div class=\"elementor-button-wrapper\">\n\t\t\t\t\t<a class=\"elementor-button elementor-button-link elementor-size-xl\" href=\"https:\/\/docs.google.com\/forms\/d\/1_Ti7Z3qSYHmKLSrufk0daThPJBz6APHOSfPo-A-J5GM\/viewform?edit_requested=true\" target=\"_blank\">\n\t\t\t\t\t\t<span class=\"elementor-button-content-wrapper\">\n\t\t\t\t\t\t\t\t\t<span class=\"elementor-button-text\">ENV\u00cdANOS TU CURR\u00cdCULUM<\/span>\n\t\t\t\t\t<\/span>\n\t\t\t\t\t<\/a>\n\t\t\t\t<\/div>\n\t\t\t\t\t\t\t\t<\/div>\n\t\t\t\t<\/div>\n\t\t\t\t<div class=\"elementor-element elementor-element-5e83022 elementor-widget elementor-widget-image\" data-id=\"5e83022\" data-element_type=\"widget\" data-e-type=\"widget\" data-widget_type=\"image.default\">\n\t\t\t\t<div class=\"elementor-widget-container\">\n\t\t\t\t\t\t\t\t\t\t\t\t\t\t\t\t<a href=\"https:\/\/docs.google.com\/forms\/d\/1_Ti7Z3qSYHmKLSrufk0daThPJBz6APHOSfPo-A-J5GM\/viewform?edit_requested=true\">\n\t\t\t\t\t\t\t<img decoding=\"async\" src=\"https:\/\/hospitalsancamilo.cl\/sitioweb\/wp-content\/uploads\/elementor\/thumbs\/qr_hospital-rhd82b09ymao2gmxsk14onh6il4vf6obrx85es7wus.png\" title=\"qr_hospital\" alt=\"qr_hospital\" loading=\"lazy\" \/>\t\t\t\t\t\t\t\t<\/a>\n\t\t\t\t\t\t\t\t\t\t\t\t\t\t\t<\/div>\n\t\t\t\t<\/div>\n\t\t\t\t\t<\/div>\n\t\t<\/div>\n\t\t\t\t\t<\/div>\n\t\t<\/section>\n\t\t\t\t<section class=\"elementor-section elementor-top-section elementor-element elementor-element-ce9d394 elementor-section-boxed elementor-section-height-default elementor-section-height-default wpr-particle-no wpr-jarallax-no wpr-parallax-no wpr-sticky-section-no\" data-id=\"ce9d394\" data-element_type=\"section\" data-e-type=\"section\">\n\t\t\t\t\t\t<div class=\"elementor-container elementor-column-gap-default\">\n\t\t\t\t\t<div class=\"elementor-column elementor-col-100 elementor-top-column elementor-element elementor-element-f454618\" data-id=\"f454618\" data-element_type=\"column\" data-e-type=\"column\">\n\t\t\t<div class=\"elementor-widget-wrap elementor-element-populated\">\n\t\t\t\t\t\t<div class=\"elementor-element elementor-element-5d28f4d elementor-align-center elementor-widget__width-inherit elementor-widget elementor-widget-button\" data-id=\"5d28f4d\" data-element_type=\"widget\" data-e-type=\"widget\" data-widget_type=\"button.default\">\n\t\t\t\t<div class=\"elementor-widget-container\">\n\t\t\t\t\t\t\t\t\t<div class=\"elementor-button-wrapper\">\n\t\t\t\t\t<a class=\"elementor-button elementor-button-link elementor-size-xs\" href=\"https:\/\/hospitalsancamilo.cl\/sitioweb\/reclutamiento-y-seleccion\/\" target=\"_blank\">\n\t\t\t\t\t\t<span class=\"elementor-button-content-wrapper\">\n\t\t\t\t\t\t\t\t\t<span class=\"elementor-button-text\">IR A RECLUTAMIENTO Y SELECCI\u00d3N<\/span>\n\t\t\t\t\t<\/span>\n\t\t\t\t\t<\/a>\n\t\t\t\t<\/div>\n\t\t\t\t\t\t\t\t<\/div>\n\t\t\t\t<\/div>\n\t\t\t\t\t<\/div>\n\t\t<\/div>\n\t\t\t\t\t<\/div>\n\t\t<\/section>\n\t\t\t\t<\/div>\n\t\t","protected":false},"excerpt":{"rendered":"<p>BASE DE DATOS PARA REEMPLAZOS ENV\u00cdANOS TU CURR\u00cdCULUM IR A RECLUTAMIENTO Y SELECCI\u00d3N<\/p>\n","protected":false},"author":1,"featured_media":0,"parent":0,"menu_order":0,"comment_status":"closed","ping_status":"closed","template":"","meta":{"_joinchat":[],"footnotes":""},"class_list":["post-18039","page","type-page","status-publish","hentry"],"acf":[],"_links":{"self":[{"href":"https:\/\/hospitalsancamilo.cl\/sitioweb\/wp-json\/wp\/v2\/pages\/18039","targetHints":{"allow":["GET"]}}],"collection":[{"href":"https:\/\/hospitalsancamilo.cl\/sitioweb\/wp-json\/wp\/v2\/pages"}],"about":[{"href":"https:\/\/hospitalsancamilo.cl\/sitioweb\/wp-json\/wp\/v2\/types\/page"}],"author":[{"embeddable":true,"href":"https:\/\/hospitalsancamilo.cl\/sitioweb\/wp-json\/wp\/v2\/users\/1"}],"replies":[{"embeddable":true,"href":"https:\/\/hospitalsancamilo.cl\/sitioweb\/wp-json\/wp\/v2\/comments?post=18039"}],"version-history":[{"count":6,"href":"https:\/\/hospitalsancamilo.cl\/sitioweb\/wp-json\/wp\/v2\/pages\/18039\/revisions"}],"predecessor-version":[{"id":20095,"href":"https:\/\/hospitalsancamilo.cl\/sitioweb\/wp-json\/wp\/v2\/pages\/18039\/revisions\/20095"}],"wp:attachment":[{"href":"https:\/\/hospitalsancamilo.cl\/sitioweb\/wp-json\/wp\/v2\/media?parent=18039"}],"curies":[{"name":"wp","href":"https:\/\/api.w.org\/{rel}","templated":true}]}}